{"id":39,"date":"2016-12-18T12:45:02","date_gmt":"2016-12-18T11:45:02","guid":{"rendered":"http:\/\/muralhaantivigilancia.noblogs.org\/?page_id=39"},"modified":"2016-12-18T12:45:02","modified_gmt":"2016-12-18T11:45:02","slug":"39-2","status":"publish","type":"page","link":"https:\/\/muralhaantivigilancia.noblogs.org\/?page_id=39","title":{"rendered":""},"content":{"rendered":"<p><img loading=\"lazy\" decoding=\"async\" class=\"aligncenter wp-image-40 size-large\" src=\"https:\/\/muralhaantivigilancia.noblogs.org\/files\/2016\/12\/elliot-1024x824.png\" alt=\"elliot\" width=\"640\" height=\"515\" srcset=\"https:\/\/muralhaantivigilancia.noblogs.org\/files\/2016\/12\/elliot-1024x824.png 1024w, https:\/\/muralhaantivigilancia.noblogs.org\/files\/2016\/12\/elliot-300x241.png 300w, https:\/\/muralhaantivigilancia.noblogs.org\/files\/2016\/12\/elliot-768x618.png 768w, https:\/\/muralhaantivigilancia.noblogs.org\/files\/2016\/12\/elliot.png 1280w\" sizes=\"auto, (max-width: 640px) 100vw, 640px\" \/><\/p>\n<h2 style=\"text-align: center\"><strong>Email: <span style=\"color: #ff0000\">darkelliot[at]sigaintevyh2rzvw.onion<\/span><\/strong><\/h2>\n<p style=\"text-align: justify\">O contato a este email s\u00f3 \u00e9 poss\u00edvel atrav\u00e9s de um <strong><em>darkmail <\/em><\/strong>que por sua vez s\u00f3 pode ser acessado apenas por meio da rede oculta <strong><em><a href=\"https:\/\/pt.wikipedia.org\/wiki\/.onion\" target=\"_blank\">.Onion<\/a><\/em><\/strong>. O <strong><a href=\"https:\/\/www.torproject.org\/\" target=\"_blank\">Tor<\/a><\/strong> \u00e9 um navegador que faz acesso direto a esta rede. Segue o link de alguns servi\u00e7os de email que funcionam pela <em>onion<\/em>:<\/p>\n<ul>\n<li><em><strong><a href=\"http:\/\/sigaintevyh2rzvw.onion\/\" target=\"_blank\">Sigaint<\/a><\/strong><\/em><\/li>\n<li><em><strong><a href=\"http:\/\/mail2tor2zyjdctd.onion\/\" target=\"_blank\">Mail2Tor<\/a><\/strong><\/em><\/li>\n<li><em><strong><a href=\"http:\/\/torbox3uiot6wchz.onion\/\" target=\"_blank\">TorBox<\/a><\/strong><\/em><\/li>\n<\/ul>\n","protected":false},"excerpt":{"rendered":"<p>Email: darkelliot[at]sigaintevyh2rzvw.onion O contato a este email s\u00f3 \u00e9 poss\u00edvel atrav\u00e9s de um darkmail que por sua vez s\u00f3 pode ser acessado apenas por meio da rede oculta .Onion. O Tor \u00e9 um navegador que faz acesso direto a esta &hellip; <a href=\"https:\/\/muralhaantivigilancia.noblogs.org\/?page_id=39\">Continue reading <span class=\"meta-nav\">&rarr;<\/span><\/a><\/p>\n","protected":false},"author":11356,"featured_media":0,"parent":0,"menu_order":0,"comment_status":"closed","ping_status":"closed","template":"","meta":{"footnotes":""},"class_list":["post-39","page","type-page","status-publish","hentry"],"_links":{"self":[{"href":"https:\/\/muralhaantivigilancia.noblogs.org\/index.php?rest_route=\/wp\/v2\/pages\/39","targetHints":{"allow":["GET"]}}],"collection":[{"href":"https:\/\/muralhaantivigilancia.noblogs.org\/index.php?rest_route=\/wp\/v2\/pages"}],"about":[{"href":"https:\/\/muralhaantivigilancia.noblogs.org\/index.php?rest_route=\/wp\/v2\/types\/page"}],"author":[{"embeddable":true,"href":"https:\/\/muralhaantivigilancia.noblogs.org\/index.php?rest_route=\/wp\/v2\/users\/11356"}],"replies":[{"embeddable":true,"href":"https:\/\/muralhaantivigilancia.noblogs.org\/index.php?rest_route=%2Fwp%2Fv2%2Fcomments&post=39"}],"version-history":[{"count":1,"href":"https:\/\/muralhaantivigilancia.noblogs.org\/index.php?rest_route=\/wp\/v2\/pages\/39\/revisions"}],"predecessor-version":[{"id":42,"href":"https:\/\/muralhaantivigilancia.noblogs.org\/index.php?rest_route=\/wp\/v2\/pages\/39\/revisions\/42"}],"wp:attachment":[{"href":"https:\/\/muralhaantivigilancia.noblogs.org\/index.php?rest_route=%2Fwp%2Fv2%2Fmedia&parent=39"}],"curies":[{"name":"wp","href":"https:\/\/api.w.org\/{rel}","templated":true}]}}